{"id":39,"date":"2026-01-07T10:32:55","date_gmt":"2026-01-07T10:32:55","guid":{"rendered":"https:\/\/naturauta.com\/en\/politica-de-privacidade\/"},"modified":"2026-01-07T10:44:15","modified_gmt":"2026-01-07T10:44:15","slug":"privacy-policy","status":"publish","type":"page","link":"https:\/\/naturauta.com\/en\/privacy-policy\/","title":{"rendered":"Privacy Policy"},"content":{"rendered":"\t\t<div data-elementor-type=\"wp-page\" data-elementor-id=\"39\" class=\"elementor elementor-39\" data-elementor-post-type=\"page\">\n\t\t\t\t<div class=\"elementor-element elementor-element-4919fba8 e-flex e-con-boxed e-con e-parent\" data-id=\"4919fba8\" data-element_type=\"container\" data-e-type=\"container\">\n\t\t\t\t\t<div class=\"e-con-inner\">\n\t\t\t\t<div class=\"elementor-element elementor-element-6387e92a elementor-widget elementor-widget-heading\" data-id=\"6387e92a\" data-element_type=\"widget\" data-e-type=\"widget\" data-widget_type=\"heading.default\">\n\t\t\t\t\t<h2 class=\"elementor-heading-title elementor-size-default\">Pol\u00edtica de Privacidade<\/h2>\t\t\t\t<\/div>\n\t\t\t\t<div class=\"elementor-element elementor-element-4004871c elementor-widget elementor-widget-text-editor\" data-id=\"4004871c\" data-element_type=\"widget\" data-e-type=\"widget\" data-widget_type=\"text-editor.default\">\n\t\t\t\t\t\t\t\t\t<div class=\"elementor-element elementor-element-6c106e6 elementor-widget elementor-widget-text-editor\" data-id=\"6c106e6\" data-element_type=\"widget\" data-widget_type=\"text-editor.default\"><div class=\"elementor-widget-container\"><div class=\"elementor-element elementor-element-20d84b4 elementor-widget elementor-widget-text-editor\" data-id=\"20d84b4\" data-element_type=\"widget\" data-widget_type=\"text-editor.default\"><div class=\"elementor-widget-container\"><p>A prote\u00e7\u00e3o da privacidade e dos dados pessoais \u00e9 uma prioridade para a Naturauta \u2013 Projectos de Ambiente e Lazer, Lda. e um claro compromisso assumido por n\u00f3s, pelo que estamos empenhados em respeit\u00e1-los e proteg\u00ea-los, compreendendo as preocupa\u00e7\u00f5es que possa ter sobre a confidencialidade das informa\u00e7\u00f5es e dados pessoais que nos transmite.<\/p><p>A presente pol\u00edtica de privacidade do nosso site permiti-lhe obter informa\u00e7\u00f5es adicionais sobre a natureza e o uso que fazemos dos dados pessoais que nos fornece e sobre os seus direitos.<\/p><p>Ao submeter os seus dados est\u00e1 a aceitar a nossa pol\u00edtica de privacidade.<\/p><p>No cumprimento da Lei n.\u00ba 58\/2019, de 08 de agosto, sobre a Prote\u00e7\u00e3o de Dados Pessoais, informamos que o tratamento dos dados pessoais recolhidos no site s\u00e3o da nossa responsabilidade.<\/p><p>\u00a0<\/p><ol><li><strong> Identidade e contactos do respons\u00e1vel pelo tratamento dos dados.<\/strong><\/li><\/ol><p>Os dados captados neste site s\u00e3o tratados por n\u00f3s e as informa\u00e7\u00f5es recolhidas s\u00e3o administradas e controladas exclusivamente por n\u00f3s.<\/p><p>Oferecemos garantias suficientes relativamente \u00e0 prote\u00e7\u00e3o das suas informa\u00e7\u00f5es pessoais, sendo as mesmas geridas em conformidade com a legisla\u00e7\u00e3o atual, que estabelece a prote\u00e7\u00e3o das informa\u00e7\u00f5es pessoais, assim como esta pol\u00edtica de privacidade.<\/p><p>\u00a0<\/p><ol start=\"2\"><li><strong> Fundamento de legitimidade do tratamento de dados<\/strong><\/li><\/ol><p>Atrav\u00e9s deste site, poderemos recolher dados pessoais, transmitidos atrav\u00e9s do formul\u00e1rio de contacto com o seu consentimento.<\/p><p>\u00a0<\/p><ol start=\"3\"><li><strong> Finalidades<\/strong><\/li><\/ol><p>Os seus dados s\u00e3o recolhidos com a finalidade de:<\/p><p>\u2013 Responder \u00e0s suas quest\u00f5es, atrav\u00e9s do formul\u00e1rio de contacto;<\/p><p>\u2013 Enviar-lhe informa\u00e7\u00f5es sobre as nossas ofertas de produtos e servi\u00e7os, novidades e eventos (<em>newsletters<\/em>).<\/p><p>\u00a0<\/p><ol start=\"4\"><li><strong> Per\u00edodo de conserva\u00e7\u00e3o dos seus dados<\/strong><\/li><\/ol><p>Os dados recolhidos e tratados atrav\u00e9s do formul\u00e1rio de contacto ser\u00e3o mantidos somente durante o processamento do seu pedido e, ap\u00f3s essa fase, ser\u00e3o destru\u00eddos.<\/p><p><strong>\u00a0<\/strong><\/p><ol start=\"5\"><li><strong> Destinat\u00e1rios dos dados<\/strong><\/li><\/ol><p>As informa\u00e7\u00f5es pessoais disponibilizadas servem para a nossa empresa poder entrar em contacto consigo e para prestar todas as informa\u00e7\u00f5es solicitadas por si atrav\u00e9s do nosso formul\u00e1rio de contacto.<\/p><p>Os seus dados pessoais nunca ser\u00e3o divulgados a terceiros, salvo em casos excecionais, como, por exemplo, para satisfazer exig\u00eancias impostas pela lei ou pelas autoridades competentes.<\/p><p>\u00a0<\/p><ol start=\"6\"><li><strong> Seguran\u00e7a e confidencialidade dos dados<\/strong><\/li><\/ol><p>Empenhamo-nos na implementa\u00e7\u00e3o de todas as precau\u00e7\u00f5es necess\u00e1rias para preservar a confidencialidade e a seguran\u00e7a dos seus dados pessoais.<\/p><p><strong>\u00a0<\/strong><\/p><ol start=\"7\"><li><strong> Os seus direitos e como poder\u00e1 aceder, retificar ou opor-se ao tratamento dos seus dados pessoais.<\/strong><\/li><\/ol><p>Nos termos da lei de prote\u00e7\u00e3o de dados pessoais, \u00e9 garantido ao titular dos dados, o direito de acesso, atualiza\u00e7\u00e3o, retifica\u00e7\u00e3o ou elimina\u00e7\u00e3o dos seus dados pessoais, o que poder\u00e1 ter lugar atrav\u00e9s dos v\u00e1rios contactos que disponibilizamos.<\/p><p>Para qualquer quest\u00e3o sobre a recolha e tratamento dos seus dados, pode contactar-nos por email ou atrav\u00e9s do nosso contacto telef\u00f3nico.<\/p><p>\u00a0<\/p><ol start=\"8\"><li><strong> Utiliza\u00e7\u00e3o de dados<\/strong><\/li><\/ol><p>As informa\u00e7\u00f5es pessoais disponibilizadas servem para a nossa empresa poder entrar em contacto consigo e para prestar todas as informa\u00e7\u00f5es solicitadas por si atrav\u00e9s do nosso formul\u00e1rio de contacto, pelo que comprometemo-nos a n\u00e3o transferir ou vender os seus dados pessoais a terceiros.<\/p><p>S\u00f3 divulgamos os seus dados pessoais se formos obrigados por decis\u00e3o imposta por lei ou judicialmente.<\/p><p>\u00a0<\/p><ol start=\"9\"><li><strong> Como usamos os \u201c<em>cookies<\/em>\u201d<\/strong><\/li><\/ol><p>Os \u201c<em>cookies<\/em>\u201d s\u00e3o armazenados no seu computador atrav\u00e9s do navegador (<em>browser<\/em>), retendo apenas informa\u00e7\u00e3o relacionada com as suas prefer\u00eancias, n\u00e3o incluindo, deste modo, os seus dados pessoais.<\/p><p>Informa\u00e7\u00e3o acerca dos v\u00e1rios <em>cookies<\/em> que usamos e do prop\u00f3sito de cada um:<\/p><p>\u2013 <strong><em>Cookies<\/em> estritamente necess\u00e1rios:<\/strong> Permitem que navegue no <em>website<\/em> e utilize as suas aplica\u00e7\u00f5es. Sem estes <em>cookies<\/em>, os servi\u00e7os que tenha requerido n\u00e3o podem ser prestados.<\/p><p><strong>\u2013 <em>Cookies<\/em> anal\u00edticos:<\/strong> S\u00e3o utilizados anonimamente para efeitos de cria\u00e7\u00e3o e an\u00e1lise de estat\u00edsticas, no sentido de melhorar o funcionamento do <em>website<\/em>.<\/p><p><strong>\u2013 <em>Cookies<\/em> de funcionalidade<\/strong>: Guardam as prefer\u00eancias do utilizador relativamente \u00e0 utiliza\u00e7\u00e3o do site, de forma a que n\u00e3o seja necess\u00e1rio voltar a configurar o site cada vez que o visita.<\/p><p><strong>\u00a0<\/strong><\/p><ol start=\"10\"><li><strong> Contactos<\/strong><\/li><\/ol><p>Se precisar de mais informa\u00e7\u00f5es, contacte-nos atrav\u00e9s do seguinte email: paula.rocha@naturauta.com<\/p><\/div><\/div><\/div><\/div>\t\t\t\t\t\t\t\t<\/div>\n\t\t\t\t\t<\/div>\n\t\t\t\t<\/div>\n\t\t\t\t<\/div>\n\t\t","protected":false},"excerpt":{"rendered":"<p>Pol\u00edtica de Privacidade A prote\u00e7\u00e3o da privacidade e dos dados pessoais \u00e9 uma prioridade para a Naturauta \u2013 Projectos de Ambiente e Lazer, Lda. e um claro compromisso assumido por n\u00f3s, pelo que estamos empenhados em respeit\u00e1-los e proteg\u00ea-los, compreendendo as preocupa\u00e7\u00f5es que possa ter sobre a confidencialidade das informa\u00e7\u00f5es e dados pessoais que nos [&hellip;]<\/p>\n","protected":false},"author":1,"featured_media":0,"parent":0,"menu_order":0,"comment_status":"closed","ping_status":"closed","template":"elementor_canvas","meta":{"_acf_changed":false,"footnotes":""},"class_list":["post-39","page","type-page","status-publish","hentry"],"acf":[],"_links":{"self":[{"href":"https:\/\/naturauta.com\/en\/wp-json\/wp\/v2\/pages\/39","targetHints":{"allow":["GET"]}}],"collection":[{"href":"https:\/\/naturauta.com\/en\/wp-json\/wp\/v2\/pages"}],"about":[{"href":"https:\/\/naturauta.com\/en\/wp-json\/wp\/v2\/types\/page"}],"author":[{"embeddable":true,"href":"https:\/\/naturauta.com\/en\/wp-json\/wp\/v2\/users\/1"}],"replies":[{"embeddable":true,"href":"https:\/\/naturauta.com\/en\/wp-json\/wp\/v2\/comments?post=39"}],"version-history":[{"count":5,"href":"https:\/\/naturauta.com\/en\/wp-json\/wp\/v2\/pages\/39\/revisions"}],"predecessor-version":[{"id":141,"href":"https:\/\/naturauta.com\/en\/wp-json\/wp\/v2\/pages\/39\/revisions\/141"}],"wp:attachment":[{"href":"https:\/\/naturauta.com\/en\/wp-json\/wp\/v2\/media?parent=39"}],"curies":[{"name":"wp","href":"https:\/\/api.w.org\/{rel}","templated":true}]}}